{"id":5488,"date":"2019-12-13T08:50:03","date_gmt":"2019-12-13T06:50:03","guid":{"rendered":"http:\/\/www.harjuehitus.ee\/too-ja-praktikakohad\/"},"modified":"2019-12-13T11:19:46","modified_gmt":"2019-12-13T09:19:46","slug":"too-ja-praktikakohad","status":"publish","type":"page","link":"https:\/\/www.harjuehitus.eu\/fi\/too-ja-praktikakohad\/","title":{"rendered":"Ty\u00f6hakijalle"},"content":{"rendered":"<p>Olet tervetullut meid\u00e4n tiimin jos sulla on vastaava korkekoulutus tai olet sit\u00e4 hakemassa, olet ahkera, energinen, velvollinen ja olet valmis jakamaan oma intohimoa rakennusalaan.<\/p>\n<p>Jos olet kiinnostynyt, ota yhteytt\u00e4 <a href=\"mailto:harjuehitus@harjuehitus.ee\">harjuehitus@harjuehitus.ee<\/a><\/p>\n<p><strong>Lisatietoja ty\u00f6- ja harjoittelupaikkoista:<\/strong><br \/>\nTarmo Palumets<br \/>\n<i class=\"fa fa-phone\"><\/i> 53 409 112<br \/>\n<i class=\"fa fa-envelope\"><\/i> <a href=\"mailto:tarmo@harjuehitus.ee\">tarmo@harjuehitus.ee<\/a><\/p>\n","protected":false},"excerpt":{"rendered":"<p>Olet tervetullut meid\u00e4n tiimin jos sulla on vastaava korkekoulutus tai olet sit\u00e4 hakemassa, olet ahkera, energinen, velvollinen ja olet valmis jakamaan oma intohimoa rakennusalaan. Jos olet kiinnostynyt, ota yhteytt\u00e4 harjuehitus@harjuehitus.ee Lisatietoja ty\u00f6- ja harjoittelupaikkoista: Tarmo Palumets 53 409 112 tarmo@harjuehitus.ee<\/p>\n","protected":false},"author":1,"featured_media":0,"parent":0,"menu_order":0,"comment_status":"closed","ping_status":"closed","template":"","meta":{"footnotes":""},"_links":{"self":[{"href":"https:\/\/www.harjuehitus.eu\/fi\/wp-json\/wp\/v2\/pages\/5488"}],"collection":[{"href":"https:\/\/www.harjuehitus.eu\/fi\/wp-json\/wp\/v2\/pages"}],"about":[{"href":"https:\/\/www.harjuehitus.eu\/fi\/wp-json\/wp\/v2\/types\/page"}],"author":[{"embeddable":true,"href":"https:\/\/www.harjuehitus.eu\/fi\/wp-json\/wp\/v2\/users\/1"}],"replies":[{"embeddable":true,"href":"https:\/\/www.harjuehitus.eu\/fi\/wp-json\/wp\/v2\/comments?post=5488"}],"version-history":[{"count":5,"href":"https:\/\/www.harjuehitus.eu\/fi\/wp-json\/wp\/v2\/pages\/5488\/revisions"}],"predecessor-version":[{"id":5500,"href":"https:\/\/www.harjuehitus.eu\/fi\/wp-json\/wp\/v2\/pages\/5488\/revisions\/5500"}],"wp:attachment":[{"href":"https:\/\/www.harjuehitus.eu\/fi\/wp-json\/wp\/v2\/media?parent=5488"}],"curies":[{"name":"wp","href":"https:\/\/api.w.org\/{rel}","templated":true}]}}