{"id":4614,"date":"2019-12-03T20:18:04","date_gmt":"2019-12-03T18:18:04","guid":{"rendered":"http:\/\/www.harjuehitus.ee\/tutvustus\/"},"modified":"2023-07-04T10:03:20","modified_gmt":"2023-07-04T08:03:20","slug":"esittely","status":"publish","type":"page","link":"https:\/\/www.harjuehitus.eu\/fi\/esittely\/","title":{"rendered":"Esittely"},"content":{"rendered":"<div>\n<p>Harju Ehitus on perustettu vuonna 1992. Yrityksen perustivat rakennusalan ammattilaiset, joiden hallinnointi- ja insin\u00f6\u00f6ritaidot ja kokemukset kertyiv\u00e4t Harju KEK:ss\u00e4 ty\u00f6skennelt\u00e4ess\u00e4. Vuodesta 2010 alkaen Harju Ehitus on Viron lis\u00e4ksi toiminut my\u00f6s Suomen rakennusmarkkinoilla.<\/p>\n<p>Harju Ehituksen p\u00e4\u00e4toimialoja ovat rakennusurakointi, rakennushankkeiden johtaminen ja kiinteist\u00f6kehitys.<br \/>\nP\u00e4\u00e4urakoinnissa olemme rakentaneet ja kunnostaneet tuotanto- ja varastorakennuksia, kauppa- ja palvelurakennuksia, sosiaali- ja koulurakennuksia, hotelleja, toimisto- ja hallintorakennuksia, insin\u00f6\u00f6riteknisi\u00e4 ratkaisuja, kerrostalo- ja rivitaloasuntoja sek\u00e4 omakotitaloja. Olemme my\u00f6s restauroineet useita suojeltuja rakennuksia.<br \/>\nKiinteist\u00f6markkinoilla olemme kerrostaloasuntojen ja teollisuusrakennusten kehitt\u00e4mishankkeiden toteuttamisessa toimineet kehitt\u00e4j\u00e4n, rakentajan ja myyj\u00e4n roolissa.<\/p>\n<p>Yrityksess\u00e4 ty\u00f6skentelee p\u00e4\u00e4asiassa rakennusinsin\u00f6\u00f6rej\u00e4.<br \/>\nKiinnit\u00e4mme erityist\u00e4 huomiota henkil\u00f6kunnan koulutukseen ja p\u00e4tevyyden kehitt\u00e4miseen.<\/p>\n<p>Harju Ehituksen politiikkana on tehd\u00e4 rakennusty\u00f6t sopimusten mukaisesti, hyv\u00e4\u00e4 rakentamistapaa noudattaen, laadukkaasti ja aikataulussa, kest\u00e4v\u00e4n kehityksen periaatteita noudattaen.<br \/>\nYrityksen toiminta perustuu seuraaviin periaatteisiin:<\/p>\n<\/div>\n<ul type=\"disc\">\n<li>ymm\u00e4rt\u00e4\u00e4 tilaajan tarpeet nyt ja tulevaisuudessa<\/li>\n<li>noudattaa hyv\u00e4ksyttyj\u00e4 yhteisi\u00e4 tavoitteita<\/li>\n<li>luoda yrityksess\u00e4 ymp\u00e4rist\u00f6, jossa asetettujen tavoitteiden saavuttamiseen osallistuvat kaikki ty\u00f6ntekij\u00e4t, antaen t\u00e4yden ty\u00f6panoksensa<\/li>\n<li>tunnistaa ja poistaa virheit\u00e4 ja ylim\u00e4\u00e4r\u00e4isten kustannusten l\u00e4hteit\u00e4<\/li>\n<li>parantaa jatkuvasti ty\u00f6ntekij\u00f6iden p\u00e4tevyytt\u00e4 ja ymp\u00e4rist\u00f6tietoisuutta<\/li>\n<li>solmia molempia osapuolia hy\u00f6dytt\u00e4vi\u00e4 ja kest\u00e4vi\u00e4 suhteita toimittajien ja alihankkijoiden kanssa<\/li>\n<li>v\u00e4ltt\u00e4\u00e4 mahdollisimman paljon haitallisia ymp\u00e4rist\u00f6vaikutuksia<\/li>\n<\/ul>\n<p>Harju Ehitus kiinnitt\u00e4\u00e4 suurta huomiota laatuun ja ymp\u00e4rist\u00f6nsuojeluun. Eri johtotason ty\u00f6ntekij\u00e4t ja valvontainsin\u00f6\u00f6ri tarkistavat rakennust\u00f6iden laadun. Havaitut virheet analysoidaan ja niiden my\u00f6hemp\u00e4\u00e4 v\u00e4ltt\u00e4mist\u00e4 varten suunnitellaan toimenpiteet.<br \/>\nHarju Ehituksessa k\u00e4ytet\u00e4\u00e4n kansainv\u00e4listen standardien ISO 9001:2015\u00a0vaatimusten mukaista laatuj\u00e4rjestelm\u00e4\u00e4 ja ISO 14001:2015\u00a0vaatimusten mukaista ymp\u00e4rist\u00f6j\u00e4rjestelm\u00e4\u00e4.Tilaajan toiveiden huomioon ottamisen, m\u00e4\u00e4r\u00e4aikojen noudattamisen, rakennust\u00f6iden hinta-laatusuhteen sek\u00e4 solmittujen vakuutussopimusten ja annettujen takuiden ansiosta meill\u00e4 on mahdollisuus olla kilpailukykyisi\u00e4 rakentajia.Yritys on rekister\u00f6ity yritystoimintarekisteriss\u00e4 (Majandustegevuse register), kts. <a href=\"http:\/\/mtr.mkm.ee\/\" target=\"_blank\" rel=\"noopener noreferrer\">mtr.mkm.ee<\/a><\/p>\n<p>Harju Ehitus on Viron rakennusyritysten liiton (EEEL)\u00a0j\u00e4sen.<\/p>\n<table class=\"style-1\" style=\"width: 100%; text-align: left;\">\n<tbody>\n<tr>\n<td>\n<div><i class=\"gdlr-icon fa fa-download\" style=\"color: #353535; font-size: 15px; \" ><\/i><\/div>\n<\/td>\n<td><a href=\"https:\/\/www.harjuehitus.ee\/wp-content\/uploads\/2023\/07\/Harju-Ehitus-ISO9001_2022-ENG.pdf\" target=\"_blank\" rel=\"nofollow noopener noreferrer\">ISO 9001:2015 ENG<\/a><\/td>\n<\/tr>\n<tr bgcolor=\"#F8F8F8\">\n<td>\n<div><i class=\"gdlr-icon fa fa-download\" style=\"color: #353535; font-size: 15px; \" ><\/i><\/div>\n<\/td>\n<td><a href=\"https:\/\/www.harjuehitus.ee\/wp-content\/uploads\/2023\/07\/Harju-Ehitus-ISO14001_2022-ENG.pdf\" target=\"_blank\" rel=\"nofollow noopener noreferrer\">ISO 14001:2015 ENG<\/a><\/td>\n<\/tr>\n<\/tbody>\n<\/table>\n","protected":false},"excerpt":{"rendered":"<p>Harju Ehitus on perustettu vuonna 1992. Yrityksen perustivat rakennusalan ammattilaiset, joiden hallinnointi- ja insin\u00f6\u00f6ritaidot ja kokemukset kertyiv\u00e4t Harju KEK:ss\u00e4 ty\u00f6skennelt\u00e4ess\u00e4. Vuodesta 2010 alkaen Harju Ehitus on Viron lis\u00e4ksi toiminut my\u00f6s Suomen rakennusmarkkinoilla. Harju Ehituksen p\u00e4\u00e4toimialoja ovat rakennusurakointi, rakennushankkeiden johtaminen ja kiinteist\u00f6kehitys. P\u00e4\u00e4urakoinnissa olemme rakentaneet ja kunnostaneet tuotanto- ja varastorakennuksia, kauppa- ja palvelurakennuksia, sosiaali- ja koulurakennuksia,&#8230; <\/p>\n<div class=\"clear\"><\/div>\n<p><a href=\"https:\/\/www.harjuehitus.eu\/fi\/esittely\/\" class=\"excerpt-read-more\">Lue lis\u00e4\u00e4<i class=\"fa fa-angle-double-right icon-double-angle-right\"><\/i><\/a><\/p>\n","protected":false},"author":1,"featured_media":0,"parent":0,"menu_order":0,"comment_status":"closed","ping_status":"closed","template":"","meta":{"footnotes":""},"_links":{"self":[{"href":"https:\/\/www.harjuehitus.eu\/fi\/wp-json\/wp\/v2\/pages\/4614"}],"collection":[{"href":"https:\/\/www.harjuehitus.eu\/fi\/wp-json\/wp\/v2\/pages"}],"about":[{"href":"https:\/\/www.harjuehitus.eu\/fi\/wp-json\/wp\/v2\/types\/page"}],"author":[{"embeddable":true,"href":"https:\/\/www.harjuehitus.eu\/fi\/wp-json\/wp\/v2\/users\/1"}],"replies":[{"embeddable":true,"href":"https:\/\/www.harjuehitus.eu\/fi\/wp-json\/wp\/v2\/comments?post=4614"}],"version-history":[{"count":5,"href":"https:\/\/www.harjuehitus.eu\/fi\/wp-json\/wp\/v2\/pages\/4614\/revisions"}],"predecessor-version":[{"id":8177,"href":"https:\/\/www.harjuehitus.eu\/fi\/wp-json\/wp\/v2\/pages\/4614\/revisions\/8177"}],"wp:attachment":[{"href":"https:\/\/www.harjuehitus.eu\/fi\/wp-json\/wp\/v2\/media?parent=4614"}],"curies":[{"name":"wp","href":"https:\/\/api.w.org\/{rel}","templated":true}]}}